{"id":237,"date":"2021-02-23T08:35:22","date_gmt":"2021-02-23T08:35:22","guid":{"rendered":"https:\/\/www.mueck-design.de\/?page_id=237"},"modified":"2025-02-11T16:32:32","modified_gmt":"2025-02-11T15:32:32","slug":"impressum","status":"publish","type":"page","link":"https:\/\/www.mueck-design.de\/index.php\/impressum\/","title":{"rendered":"Impressum"},"content":{"rendered":"\n<p><strong>Angaben gem\u00e4\u00df \u00a7 5 TMG<\/strong><\/p>\n\n\n\n<p>Dipl.-Designerin\u00a0Jutta M\u00fcck<br>M | DESIGN\u00a0<\/p>\n\n\n\n<p>39108 Magdeburg<br><strong>Sitz:\u00a0<\/strong>Sachsen-Anhalt<br><br><strong>Kontakt\u00a0<\/strong><br>Telefon: 0176 73357324<br>E-Mail: mail[at]mueck-design.de<br><br><strong>Umsatzsteuer-ID<\/strong><br>Umsatzsteuer-Identifikationsnummer gem\u00e4\u00df \u00a727 a Umsatzsteuergesetz:<br>USt.-IdNr. DE301638071<br>Steuer-Nr. 102\/251\/04390<br><br><strong>Berufsbezeichnung:<\/strong><br>Dipl-Designerin (FH), Mitglied im BDG Berufsverband der<br>Deutschen Kommunikationsdesigner e.V.<br><br><strong>Zust\u00e4ndige Kammer:<\/strong><br>Berufsgenossenschaft ETEM, 65173 Wiesbaden, Medienerzeugnisse<\/p>\n\n\n\n<p><strong>\u00a9 Design &amp; Gestaltung<\/strong><br>Dipl.-Designerin Jutta M\u00fcck<br>39108 Magdeburg<\/p>\n\n\n\n<p><strong>Bildmaterial Referenz-Abbildungen<\/strong><br>Nachweise \u00fcber jeweilige&nbsp;Auftraggeber; s. Impressumsangabe der Projektmedien<\/p>\n\n\n\n<p><strong>Technische Umsetzung<\/strong><br>Secret Software,&nbsp;development company,&nbsp;Vinzierstra\u00dfe 8,&nbsp;24768 Rendsburg<\/p>\n\n\n\n<p><strong>Haftungsausschluss (Disclaimer)<\/strong><\/p>\n\n\n\n<p><strong>Haftung f\u00fcr Inhalte<\/strong><br>Als Dienstanbieter ist M | DESIGN gem\u00e4\u00df \u00a7 7 Abs.1 TMG f\u00fcr eigene Inhalte auf diesen Seiten nach den allgemeinen Gesetzen verantwortlich. Nach \u00a7\u00a7 8 bis 10 TMG ist M | DESIGN als Dienstanbieter jedoch nicht verpflichtet, \u00fcbermittelte oder gespeicherte fremde Informationen zu \u00fcberwachen oder nach Umst\u00e4nden zu forschen, die auf eine rechtswidrige T\u00e4tigkeit hinweisen. Verpflichtungen zur Entfernung oder Sperrung der Nutzung von Informationen nach den allgemeinen Gesetzen bleiben hiervon unber\u00fchrt. Eine diesbez\u00fcgliche Haftung ist jedoch erst ab dem Zeitpunkt der Kenntnis einer konkreten Rechtsverletzung m\u00f6glich. Bei Bekanntwerden von entsprechenden Rechtsverletzungen wird M | DESIGN diese Inhalte umgehend entfernen.<br><\/p>\n\n\n\n<p><strong>Urheberrecht<\/strong><br>Die durch die Seitenbetreiber erstellten Inhalte und Werke auf diesen Seiten unterliegen dem deutschen Urheberrecht. Die Vervielf\u00e4ltigung, Bearbeitung, Verbreitung und jede Art der Verwertung au\u00dferhalb der Grenzen des Urheberrechtes bed\u00fcrfen der schriftlichen Zustimmung des jeweiligen Autors bzw. Erstellers. Downloads und Kopien dieser Seite sind nur f\u00fcr den privaten, nicht kommerziellen Gebrauch gestattet. Soweit die Inhalte auf dieser Seite nicht vom Betreiber erstellt wurden, werden die Urheberrechte Dritter beachtet. Insbesondere werden Inhalte Dritter als solche gekennzeichnet. Sollten Sie trotzdem auf eine Urheberrechtsverletzung aufmerksam werden, bitten wir um einen entsprechenden Hinweis. Bei Bekanntwerden von Rechtsverletzungen werden wir derartige Inhalte umgehend entfernen.<\/p>\n\n\n\n<hr class=\"wp-block-separator has-css-opacity\"\/>\n\n\n\n<p><strong>Quelle:&nbsp;<\/strong><em>e-recht24.de<\/em><\/p>\n","protected":false},"excerpt":{"rendered":"<p>Angaben gem\u00e4\u00df \u00a7 5 TMG Dipl.-Designerin\u00a0Jutta M\u00fcckM | DESIGN\u00a0 39108 MagdeburgSitz:\u00a0Sachsen-Anhalt Kontakt\u00a0Telefon: 0176 73357324E-Mail: mail[at]mueck-design.de Umsatzsteuer-IDUmsatzsteuer-Identifikationsnummer gem\u00e4\u00df \u00a727 a Umsatzsteuergesetz:USt.-IdNr. DE301638071Steuer-Nr. 102\/251\/04390 Berufsbezeichnung:Dipl-Designerin (FH), Mitglied im BDG Berufsverband derDeutschen Kommunikationsdesigner e.V. Zust\u00e4ndige Kammer:Berufsgenossenschaft ETEM, 65173 Wiesbaden, Medienerzeugnisse \u00a9 Design &amp; GestaltungDipl.-Designerin Jutta M\u00fcck39108 Magdeburg Bildmaterial Referenz-AbbildungenNachweise \u00fcber jeweilige&nbsp;Auftraggeber; s. Impressumsangabe der Projektmedien Technische UmsetzungSecret Software,&nbsp;development [&hellip;]<\/p>\n","protected":false},"author":1,"featured_media":0,"parent":0,"menu_order":0,"comment_status":"closed","ping_status":"closed","template":"","meta":{"_uag_custom_page_level_css":"","editor_plus_copied_stylings":"{}","footnotes":""},"class_list":["post-237","page","type-page","status-publish","hentry"],"yoast_head":"<!-- This site is optimized with the Yoast SEO plugin v27.4 - https:\/\/yoast.com\/product\/yoast-seo-wordpress\/ -->\n<title>Impressum - Mueck Design<\/title>\n<meta name=\"robots\" content=\"index, follow, max-snippet:-1, max-image-preview:large, max-video-preview:-1\" \/>\n<link rel=\"canonical\" href=\"https:\/\/www.mueck-design.de\/index.php\/impressum\/\" \/>\n<meta property=\"og:locale\" content=\"de_DE\" \/>\n<meta property=\"og:type\" content=\"article\" \/>\n<meta property=\"og:title\" content=\"Impressum - Mueck Design\" \/>\n<meta property=\"og:description\" content=\"Angaben gem\u00e4\u00df \u00a7 5 TMG Dipl.-Designerin\u00a0Jutta M\u00fcckM | DESIGN\u00a0 39108 MagdeburgSitz:\u00a0Sachsen-Anhalt Kontakt\u00a0Telefon: 0176 73357324E-Mail: mail[at]mueck-design.de Umsatzsteuer-IDUmsatzsteuer-Identifikationsnummer gem\u00e4\u00df \u00a727 a Umsatzsteuergesetz:USt.-IdNr. DE301638071Steuer-Nr. 102\/251\/04390 Berufsbezeichnung:Dipl-Designerin (FH), Mitglied im BDG Berufsverband derDeutschen Kommunikationsdesigner e.V. Zust\u00e4ndige Kammer:Berufsgenossenschaft ETEM, 65173 Wiesbaden, Medienerzeugnisse \u00a9 Design &amp; GestaltungDipl.-Designerin Jutta M\u00fcck39108 Magdeburg Bildmaterial Referenz-AbbildungenNachweise \u00fcber jeweilige&nbsp;Auftraggeber; s. Impressumsangabe der Projektmedien Technische UmsetzungSecret Software,&nbsp;development [&hellip;]\" \/>\n<meta property=\"og:url\" content=\"https:\/\/www.mueck-design.de\/index.php\/impressum\/\" \/>\n<meta property=\"og:site_name\" content=\"Mueck Design\" \/>\n<meta property=\"article:modified_time\" content=\"2025-02-11T15:32:32+00:00\" \/>\n<meta property=\"og:image\" content=\"https:\/\/www.mueck-design.de\/wp-content\/uploads\/2021\/04\/header21.png\" \/>\n\t<meta property=\"og:image:width\" content=\"1200\" \/>\n\t<meta property=\"og:image:height\" content=\"628\" \/>\n\t<meta property=\"og:image:type\" content=\"image\/png\" \/>\n<meta name=\"twitter:card\" content=\"summary_large_image\" \/>\n<meta name=\"twitter:label1\" content=\"Gesch\u00e4tzte Lesezeit\" \/>\n\t<meta name=\"twitter:data1\" content=\"2\u00a0Minuten\" \/>\n<script type=\"application\/ld+json\" class=\"yoast-schema-graph\">{\"@context\":\"https:\\\/\\\/schema.org\",\"@graph\":[{\"@type\":\"WebPage\",\"@id\":\"https:\\\/\\\/www.mueck-design.de\\\/index.php\\\/impressum\\\/\",\"url\":\"https:\\\/\\\/www.mueck-design.de\\\/index.php\\\/impressum\\\/\",\"name\":\"Impressum - Mueck Design\",\"isPartOf\":{\"@id\":\"https:\\\/\\\/www.mueck-design.de\\\/#website\"},\"datePublished\":\"2021-02-23T08:35:22+00:00\",\"dateModified\":\"2025-02-11T15:32:32+00:00\",\"breadcrumb\":{\"@id\":\"https:\\\/\\\/www.mueck-design.de\\\/index.php\\\/impressum\\\/#breadcrumb\"},\"inLanguage\":\"de\",\"potentialAction\":[{\"@type\":\"ReadAction\",\"target\":[\"https:\\\/\\\/www.mueck-design.de\\\/index.php\\\/impressum\\\/\"]}]},{\"@type\":\"BreadcrumbList\",\"@id\":\"https:\\\/\\\/www.mueck-design.de\\\/index.php\\\/impressum\\\/#breadcrumb\",\"itemListElement\":[{\"@type\":\"ListItem\",\"position\":1,\"name\":\"Startseite\",\"item\":\"https:\\\/\\\/www.mueck-design.de\\\/\"},{\"@type\":\"ListItem\",\"position\":2,\"name\":\"Impressum\"}]},{\"@type\":\"WebSite\",\"@id\":\"https:\\\/\\\/www.mueck-design.de\\\/#website\",\"url\":\"https:\\\/\\\/www.mueck-design.de\\\/\",\"name\":\"Mueck Design\",\"description\":\"\",\"potentialAction\":[{\"@type\":\"SearchAction\",\"target\":{\"@type\":\"EntryPoint\",\"urlTemplate\":\"https:\\\/\\\/www.mueck-design.de\\\/?s={search_term_string}\"},\"query-input\":{\"@type\":\"PropertyValueSpecification\",\"valueRequired\":true,\"valueName\":\"search_term_string\"}}],\"inLanguage\":\"de\"}]}<\/script>\n<!-- \/ Yoast SEO plugin. -->","yoast_head_json":{"title":"Impressum - Mueck Design","robots":{"index":"index","follow":"follow","max-snippet":"max-snippet:-1","max-image-preview":"max-image-preview:large","max-video-preview":"max-video-preview:-1"},"canonical":"https:\/\/www.mueck-design.de\/index.php\/impressum\/","og_locale":"de_DE","og_type":"article","og_title":"Impressum - Mueck Design","og_description":"Angaben gem\u00e4\u00df \u00a7 5 TMG Dipl.-Designerin\u00a0Jutta M\u00fcckM | DESIGN\u00a0 39108 MagdeburgSitz:\u00a0Sachsen-Anhalt Kontakt\u00a0Telefon: 0176 73357324E-Mail: mail[at]mueck-design.de Umsatzsteuer-IDUmsatzsteuer-Identifikationsnummer gem\u00e4\u00df \u00a727 a Umsatzsteuergesetz:USt.-IdNr. DE301638071Steuer-Nr. 102\/251\/04390 Berufsbezeichnung:Dipl-Designerin (FH), Mitglied im BDG Berufsverband derDeutschen Kommunikationsdesigner e.V. Zust\u00e4ndige Kammer:Berufsgenossenschaft ETEM, 65173 Wiesbaden, Medienerzeugnisse \u00a9 Design &amp; GestaltungDipl.-Designerin Jutta M\u00fcck39108 Magdeburg Bildmaterial Referenz-AbbildungenNachweise \u00fcber jeweilige&nbsp;Auftraggeber; s. Impressumsangabe der Projektmedien Technische UmsetzungSecret Software,&nbsp;development [&hellip;]","og_url":"https:\/\/www.mueck-design.de\/index.php\/impressum\/","og_site_name":"Mueck Design","article_modified_time":"2025-02-11T15:32:32+00:00","og_image":[{"width":1200,"height":628,"url":"https:\/\/www.mueck-design.de\/wp-content\/uploads\/2021\/04\/header21.png","type":"image\/png"}],"twitter_card":"summary_large_image","twitter_misc":{"Gesch\u00e4tzte Lesezeit":"2\u00a0Minuten"},"schema":{"@context":"https:\/\/schema.org","@graph":[{"@type":"WebPage","@id":"https:\/\/www.mueck-design.de\/index.php\/impressum\/","url":"https:\/\/www.mueck-design.de\/index.php\/impressum\/","name":"Impressum - Mueck Design","isPartOf":{"@id":"https:\/\/www.mueck-design.de\/#website"},"datePublished":"2021-02-23T08:35:22+00:00","dateModified":"2025-02-11T15:32:32+00:00","breadcrumb":{"@id":"https:\/\/www.mueck-design.de\/index.php\/impressum\/#breadcrumb"},"inLanguage":"de","potentialAction":[{"@type":"ReadAction","target":["https:\/\/www.mueck-design.de\/index.php\/impressum\/"]}]},{"@type":"BreadcrumbList","@id":"https:\/\/www.mueck-design.de\/index.php\/impressum\/#breadcrumb","itemListElement":[{"@type":"ListItem","position":1,"name":"Startseite","item":"https:\/\/www.mueck-design.de\/"},{"@type":"ListItem","position":2,"name":"Impressum"}]},{"@type":"WebSite","@id":"https:\/\/www.mueck-design.de\/#website","url":"https:\/\/www.mueck-design.de\/","name":"Mueck Design","description":"","potentialAction":[{"@type":"SearchAction","target":{"@type":"EntryPoint","urlTemplate":"https:\/\/www.mueck-design.de\/?s={search_term_string}"},"query-input":{"@type":"PropertyValueSpecification","valueRequired":true,"valueName":"search_term_string"}}],"inLanguage":"de"}]}},"uagb_featured_image_src":{"full":false,"thumbnail":false,"medium":false,"medium_large":false,"large":false,"1536x1536":false,"2048x2048":false},"uagb_author_info":{"display_name":"admin","author_link":"https:\/\/www.mueck-design.de\/index.php\/author\/tphilippsen\/"},"uagb_comment_info":0,"uagb_excerpt":"Angaben gem\u00e4\u00df \u00a7 5 TMG Dipl.-Designerin\u00a0Jutta M\u00fcckM | DESIGN\u00a0 39108 MagdeburgSitz:\u00a0Sachsen-Anhalt Kontakt\u00a0Telefon: 0176 73357324E-Mail: mail[at]mueck-design.de Umsatzsteuer-IDUmsatzsteuer-Identifikationsnummer gem\u00e4\u00df \u00a727 a Umsatzsteuergesetz:USt.-IdNr. DE301638071Steuer-Nr. 102\/251\/04390 Berufsbezeichnung:Dipl-Designerin (FH), Mitglied im BDG Berufsverband derDeutschen Kommunikationsdesigner e.V. Zust\u00e4ndige Kammer:Berufsgenossenschaft ETEM, 65173 Wiesbaden, Medienerzeugnisse \u00a9 Design &amp; GestaltungDipl.-Designerin Jutta M\u00fcck39108 Magdeburg Bildmaterial Referenz-AbbildungenNachweise \u00fcber jeweilige&nbsp;Auftraggeber; s. Impressumsangabe der Projektmedien Technische UmsetzungSecret Software,&nbsp;development&hellip;","_links":{"self":[{"href":"https:\/\/www.mueck-design.de\/index.php\/wp-json\/wp\/v2\/pages\/237","targetHints":{"allow":["GET"]}}],"collection":[{"href":"https:\/\/www.mueck-design.de\/index.php\/wp-json\/wp\/v2\/pages"}],"about":[{"href":"https:\/\/www.mueck-design.de\/index.php\/wp-json\/wp\/v2\/types\/page"}],"author":[{"embeddable":true,"href":"https:\/\/www.mueck-design.de\/index.php\/wp-json\/wp\/v2\/users\/1"}],"replies":[{"embeddable":true,"href":"https:\/\/www.mueck-design.de\/index.php\/wp-json\/wp\/v2\/comments?post=237"}],"version-history":[{"count":4,"href":"https:\/\/www.mueck-design.de\/index.php\/wp-json\/wp\/v2\/pages\/237\/revisions"}],"predecessor-version":[{"id":1833,"href":"https:\/\/www.mueck-design.de\/index.php\/wp-json\/wp\/v2\/pages\/237\/revisions\/1833"}],"wp:attachment":[{"href":"https:\/\/www.mueck-design.de\/index.php\/wp-json\/wp\/v2\/media?parent=237"}],"curies":[{"name":"wp","href":"https:\/\/api.w.org\/{rel}","templated":true}]}}